{"id":3602,"date":"2017-08-02T07:00:27","date_gmt":"2017-08-02T07:00:27","guid":{"rendered":"http:\/\/brandexponents.com\/oshin\/v32\/?page_id=3602"},"modified":"2023-04-05T13:20:20","modified_gmt":"2023-04-05T19:20:20","slug":"contacto","status":"publish","type":"page","link":"https:\/\/brandia.com.mx\/en\/contacto\/","title":{"rendered":"Contact Us"},"content":{"rendered":"<div  class=\"tatsu-fqpax5uwf57n63cl tatsu-section    tatsu-clearfix\" data-title=\"\"  data-headerscheme=\"background--dark\"><div class='tatsu-section-pad clearfix' data-padding='{\"d\":\"0px 0px 80px 0px\",\"m\":\"0px 0px 40px 0px\"}' data-padding-top='0px'><div class=\"tatsu-row-wrap  tatsu-wrap tatsu-row-one-col tatsu-row-has-one-cols tatsu-medium-gutter tatsu-reg-cols  tatsu-clearfix tatsu-fqpax5uwg46stwpp\" ><div  class=\"tatsu-row \" ><div  class=\"tatsu-column  tatsu-column-no-bg tatsu-one-col tatsu-column-image-none tatsu-column-effect-none  tatsu-fqpax5uwgka9ojrj\"  data-parallax-speed=\"0\" style=\"\"><div class=\"tatsu-column-inner \" ><div class=\"tatsu-column-pad-wrap\"><div class=\"tatsu-column-pad\" ><div  class=\"tatsu-module tatsu-inline-text clearfix tatsu-fqpax5uwkk8zmd7y   tatsu-animate\" data-animation=\"fadeIn\"  ><style>.tatsu-fqpax5uwkk8zmd7y .tatsu-inline-text-inner{width: 100%;text-align: left;}<\/style><div class=\"tatsu-inline-text-inner tatsu-align-center\">\n<h2>Cont\u00e1ctanos<\/h2>\n<\/div><\/div><div  class=\"tatsu-module tatsu-text-block-wrap tatsu-H1STVc78u  \"><div class=\"tatsu-text-inner   clearfix\" ><style>.tatsu-H1STVc78u.tatsu-text-block-wrap .tatsu-text-inner{width: 86%;text-align: left;}<\/style>\n<p>Tenemos una actitud creativa e innovadora, por lo que siempre estamos buscando la mejora no s\u00f3lo para las marcas, sino tambi\u00e9n para nuestra propia evoluci\u00f3n.&nbsp;<\/p>\n<p>Le damos la bienvenida a nuevas aventuras con todo tipo de personas y proyectos.<\/p>\n<p>\u00a1Colaboremos!<\/p>\n<\/div><\/div><\/div><\/div><div class = \"tatsu-column-bg-image-wrap\"><div class = \"tatsu-column-bg-image\" ><\/div><\/div><\/div><style>.tatsu-row > .tatsu-fqpax5uwgka9ojrj.tatsu-column{width: 100%;}.tatsu-fqpax5uwgka9ojrj.tatsu-column > .tatsu-column-inner > .tatsu-column-overlay{mix-blend-mode: none;}.tatsu-fqpax5uwgka9ojrj > .tatsu-column-inner > .tatsu-top-divider{z-index: 9999;}.tatsu-fqpax5uwgka9ojrj > .tatsu-column-inner > .tatsu-bottom-divider{z-index: 9999;}.tatsu-fqpax5uwgka9ojrj > .tatsu-column-inner > .tatsu-left-divider{z-index: 9999;}.tatsu-fqpax5uwgka9ojrj > .tatsu-column-inner > .tatsu-right-divider{z-index: 9999;}<\/style><\/div><\/div><\/div><div class=\"tatsu-row-wrap  tatsu-wrap tatsu-row-has-one-half tatsu-row-has-two-cols tatsu-medium-gutter tatsu-reg-cols  tatsu-clearfix tatsu-fqpax5uwwqas1g30\" ><div  class=\"tatsu-row \" ><div  class=\"tatsu-column  tatsu-column-no-bg tatsu-one-half tatsu-column-image-none tatsu-column-effect-none  tatsu-fqpax5uwx12zat3c\"  data-parallax-speed=\"0\" style=\"\"><div class=\"tatsu-column-inner \" ><div class=\"tatsu-column-pad-wrap\"><div class=\"tatsu-column-pad\" ><div  class=\"tatsu-module tatsu-text-block-wrap tatsu-r1DU59QI_  \"><div class=\"tatsu-text-inner tatsu-align-center  clearfix\" ><style>.tatsu-r1DU59QI_.tatsu-text-block-wrap .tatsu-text-inner{width: 100%;text-align: left;}<\/style><div class=\"wpforms-container wpforms-container-full\" id=\"wpforms-19204\"><form id=\"wpforms-form-19204\" class=\"wpforms-validate wpforms-form\" data-formid=\"19204\" method=\"post\" enctype=\"multipart\/form-data\" action=\"\/en\/wp-json\/wp\/v2\/pages\/3602\" data-token=\"b2af119d7b972dc1efb186cd7bd9507c\" data-token-time=\"1775630192\"><noscript class=\"wpforms-error-noscript\">Please enable JavaScript in your browser to complete this form.<\/noscript><div class=\"wpforms-field-container\"><div id=\"wpforms-19204-field_0-container\" class=\"wpforms-field wpforms-field-name wpforms-one-half wpforms-first\" data-field-id=\"0\"><label class=\"wpforms-field-label\" for=\"wpforms-19204-field_0\">Nombre completo <span class=\"wpforms-required-label\">*<\/span><\/label><input type=\"text\" id=\"wpforms-19204-field_0\" class=\"wpforms-field-large wpforms-field-required\" name=\"wpforms[fields][0]\" required><\/div><div id=\"wpforms-19204-field_1-container\" class=\"wpforms-field wpforms-field-email wpforms-one-half\" data-field-id=\"1\"><label class=\"wpforms-field-label\" for=\"wpforms-19204-field_1\">Correo electr\u00f3nico <span class=\"wpforms-required-label\">*<\/span><\/label><input type=\"email\" id=\"wpforms-19204-field_1\" class=\"wpforms-field-large wpforms-field-required\" name=\"wpforms[fields][1]\" spellcheck=\"false\" required><\/div><div id=\"wpforms-19204-field_2-container\" class=\"wpforms-field wpforms-field-textarea\" data-field-id=\"2\"><label class=\"wpforms-field-label\" for=\"wpforms-19204-field_2\">Comentario o mensaje<\/label><textarea id=\"wpforms-19204-field_2\" class=\"wpforms-field-medium\" name=\"wpforms[fields][2]\" ><\/textarea><\/div><\/div><!-- .wpforms-field-container --><div class=\"wpforms-submit-container\" ><input type=\"hidden\" name=\"wpforms[id]\" value=\"19204\"><input type=\"hidden\" name=\"page_title\" value=\"\"><input type=\"hidden\" name=\"page_url\" value=\"https:\/\/brandia.com.mx\/en\/wp-json\/wp\/v2\/pages\/3602\"><input type=\"hidden\" name=\"url_referer\" value=\"\"><button type=\"submit\" name=\"wpforms[submit]\" id=\"wpforms-submit-19204\" class=\"wpforms-submit\" data-alt-text=\"Enviando...\" data-submit-text=\"Enviar\" aria-live=\"assertive\" value=\"wpforms-submit\">Enviar<\/button><\/div><\/form><\/div>  <!-- .wpforms-container --><br \/>\n<\/div><\/div><\/div><\/div><div class = \"tatsu-column-bg-image-wrap\"><div class = \"tatsu-column-bg-image\" ><\/div><\/div><\/div><style>.tatsu-row > .tatsu-fqpax5uwx12zat3c.tatsu-column{width: 50%;}.tatsu-fqpax5uwx12zat3c.tatsu-column > .tatsu-column-inner > .tatsu-column-overlay{mix-blend-mode: none;}.tatsu-fqpax5uwx12zat3c > .tatsu-column-inner > .tatsu-top-divider{z-index: 9999;}.tatsu-fqpax5uwx12zat3c > .tatsu-column-inner > .tatsu-bottom-divider{z-index: 9999;}.tatsu-fqpax5uwx12zat3c > .tatsu-column-inner > .tatsu-left-divider{z-index: 9999;}.tatsu-fqpax5uwx12zat3c > .tatsu-column-inner > .tatsu-right-divider{z-index: 9999;}@media only screen and (max-width: 767px) {.tatsu-row > .tatsu-fqpax5uwx12zat3c.tatsu-column{width: 100%;}}<\/style><\/div><div  class=\"tatsu-column  tatsu-column-no-bg tatsu-one-half tatsu-column-image-none tatsu-column-effect-none  tatsu-fqpax5uwzx440l2h\"  data-parallax-speed=\"0\" style=\"\"><div class=\"tatsu-column-inner \" ><div class=\"tatsu-column-pad-wrap\"><div class=\"tatsu-column-pad\" ><div  class = \" tatsu-fqpax5uwo1et63pw be_icon_card_wrap oshine-module tatsu-animate small circled\" data-animation=\"fadeIn\"   ><i class=\"font-icon icon-icon_phone  \" aria-label = \"phone\" ><\/i><div class=\"title-with-icon-card\" ><h5 class=\"title\" >Ll\u00e1manos<\/h5><div class=\"caption special-subtitle\" >+52 55 1366 0203<\/div><\/div><\/div><style>.tatsu-fqpax5uwo1et63pw .font-icon{color: #222222 ;border: 1px solid #222222;}.tatsu-fqpax5uwo1et63pw{margin: 0px 0px 30px 0px;}<\/style><div  class = \" tatsu-fqpax5uwu8bqvmy0 be_icon_card_wrap oshine-module tatsu-animate small circled\" data-animation=\"fadeIn\"   ><i class=\"font-icon icon-location  \" aria-label = \"location\" ><\/i><div class=\"title-with-icon-card\" ><h5 class=\"title\" >CDMX<\/h5><div class=\"caption special-subtitle\" >\u00c1lvaro Obreg\u00f3n 272-14, Hip\u00f3dromo Condesa, 06100 CDMX<\/div><\/div><\/div><style>.tatsu-fqpax5uwu8bqvmy0 .font-icon{color: #222222 ;border: 1px solid #222222;}.tatsu-fqpax5uwu8bqvmy0{margin: 0px 0px 30px 0px;}<\/style><div  class = \" tatsu-ryc4d119_ be_icon_card_wrap oshine-module tatsu-animate small circled\" data-animation=\"fadeIn\"   ><i class=\"font-icon icon-location  \" aria-label = \"location\" ><\/i><div class=\"title-with-icon-card\" ><h5 class=\"title\" >L.A. <\/h5><div class=\"caption special-subtitle\" >2681 Ivan Hill Terrace, 90039 Los Angeles CA<\/div><\/div><\/div><style>.tatsu-ryc4d119_ .font-icon{color: #222222 ;border: 1px solid #222222;}<\/style><\/div><\/div><div class = \"tatsu-column-bg-image-wrap\"><div class = \"tatsu-column-bg-image\" ><\/div><\/div><\/div><style>.tatsu-row > .tatsu-fqpax5uwzx440l2h.tatsu-column{width: 50%;}.tatsu-fqpax5uwzx440l2h.tatsu-column > .tatsu-column-inner > .tatsu-column-overlay{mix-blend-mode: none;}.tatsu-fqpax5uwzx440l2h > .tatsu-column-inner > .tatsu-top-divider{z-index: 9999;}.tatsu-fqpax5uwzx440l2h > .tatsu-column-inner > .tatsu-bottom-divider{z-index: 9999;}.tatsu-fqpax5uwzx440l2h > .tatsu-column-inner > .tatsu-left-divider{z-index: 9999;}.tatsu-fqpax5uwzx440l2h > .tatsu-column-inner > .tatsu-right-divider{z-index: 9999;}@media only screen and (max-width: 767px) {.tatsu-row > .tatsu-fqpax5uwzx440l2h.tatsu-column{width: 100%;}}<\/style><\/div><\/div><\/div><\/div><div class=\"tatsu-section-background-wrap\"><div class = \"tatsu-section-background\" ><\/div><\/div><style>.tatsu-fqpax5uwf57n63cl .tatsu-section-pad{padding: 0px 0px 80px 0px;}.tatsu-fqpax5uwf57n63cl > .tatsu-bottom-divider{z-index: 9999;}.tatsu-fqpax5uwf57n63cl > .tatsu-top-divider{z-index: 9999;}@media only screen and (max-width: 767px) {.tatsu-fqpax5uwf57n63cl .tatsu-section-pad{padding: 0px 0px 40px 0px;}}<\/style><\/div>\n","protected":false},"excerpt":{"rendered":"<p><a href=\"https:\/\/brandia.com.mx\/en\/contacto\/\" class=\"more-link style3-button\">Read More<\/a><\/p>","protected":false},"author":1,"featured_media":0,"parent":0,"menu_order":0,"comment_status":"closed","ping_status":"closed","template":"","meta":{"footnotes":""},"class_list":["post-3602","page","type-page","status-publish","hentry"],"_links":{"self":[{"href":"https:\/\/brandia.com.mx\/en\/wp-json\/wp\/v2\/pages\/3602","targetHints":{"allow":["GET"]}}],"collection":[{"href":"https:\/\/brandia.com.mx\/en\/wp-json\/wp\/v2\/pages"}],"about":[{"href":"https:\/\/brandia.com.mx\/en\/wp-json\/wp\/v2\/types\/page"}],"author":[{"embeddable":true,"href":"https:\/\/brandia.com.mx\/en\/wp-json\/wp\/v2\/users\/1"}],"replies":[{"embeddable":true,"href":"https:\/\/brandia.com.mx\/en\/wp-json\/wp\/v2\/comments?post=3602"}],"version-history":[{"count":5,"href":"https:\/\/brandia.com.mx\/en\/wp-json\/wp\/v2\/pages\/3602\/revisions"}],"predecessor-version":[{"id":20772,"href":"https:\/\/brandia.com.mx\/en\/wp-json\/wp\/v2\/pages\/3602\/revisions\/20772"}],"wp:attachment":[{"href":"https:\/\/brandia.com.mx\/en\/wp-json\/wp\/v2\/media?parent=3602"}],"curies":[{"name":"wp","href":"https:\/\/api.w.org\/{rel}","templated":true}]}}